{"id":10335,"date":"2020-02-20T05:12:47","date_gmt":"2020-02-20T05:12:47","guid":{"rendered":"http:\/\/jayawebsite.wpenginepowered.com\/newsite\/?page_id=10335"},"modified":"2025-12-09T11:50:57","modified_gmt":"2025-12-09T11:50:57","slug":"horarios-precos","status":"publish","type":"page","link":"https:\/\/jaya.pt\/en\/horarios-precos\/","title":{"rendered":"Schedule and Pricing"},"content":{"rendered":"<div class=\"wpb-content-wrapper\"><p>[vc_row][vc_column][vc_column_text][\/vc_column_text][\/vc_column][\/vc_row][vc_row column_gap=&#8221;20&#8243; section_id=&#8221;titlehorarios&#8221;][vc_column css=&#8221;.vc_custom_1602542988232{margin-bottom: 0px !important;}&#8221;][vc_column_text css=&#8221;&#8221;]<\/p>\n<h2 style=\"text-align: center; font-size: 50px; line-height: 60px; font-family: Dosis; font-weight: 600; color: #7fc7bb;\">Schedule<\/h2>\n<p>[\/vc_column_text][\/vc_column][\/vc_row][vc_row][vc_column][vc_column_text]<div class=\"yogo-calendar\" data-branch=\"\"data-class-type=\"\"data-teacher=\"\"data-start-date=\"\"><\/div>[\/vc_column_text][\/vc_column][\/vc_row][vc_row column_gap=&#8221;20&#8243; section_id=&#8221;titleprecos&#8221;][vc_column css=&#8221;.vc_custom_1602542988232{margin-bottom: 0px !important;}&#8221;][vc_column_text css=&#8221;&#8221;]<\/p>\n<h2 style=\"text-align: center; font-size: 50px; font-family: Dosis; font-weight: 600; color: #7fc7bb;\">Pricing<\/h2>\n<p>[\/vc_column_text][\/vc_column][\/vc_row][vc_row el_class=&#8221;prices&#8221;][vc_column][vc_column_text]<div class=\"yogo-prices\" data-price-group=\"\"><\/div>[\/vc_column_text][\/vc_column][\/vc_row][vc_row][vc_column][vc_column_text]Condi\u00e7\u00f5es de pagamento e regras de funcionamento do JAYA podem ser consultadas <span style=\"color: #4f4e50; text-decoration: underline;\"><a style=\"color: #4f4e50;\" href=\"https:\/\/jaya.pt\/newsite\/privacy-policy\/\">aqui<\/a><\/span>.<br \/>\nTodos os pre\u00e7os incluem IVA \u00e0 taxa legal em vigor.<br \/>\nAs mensalidades e eventuais suplementos s\u00e3o pagos por d\u00e9bito direto. Tamb\u00e9m poder\u00e1s pagar na rece\u00e7\u00e3o, fazendo pronto pagamento de 2 ou mais mensalidades.<br \/>\nA aula experimental \u00e9 exclusiva a quem tenha a disponibilidade de praticar numa base regular (residentes no distrito de Lisboa).<br \/>\nSe fizeres a inscri\u00e7\u00e3o na respectiva modalidade, at\u00e9 7 dias ap\u00f3s esta primeira experi\u00eancia, o JAYA devolve o valor da aula (descontando na inscri\u00e7\u00e3o).<br \/>\n* Oferta free training a alunos que fa\u00e7am, pelo menos, duas modalidades a\u00e9reas por semana.[\/vc_column_text][\/vc_column][\/vc_row][vc_row][vc_column width=&#8221;1\/2&#8243;][vc_column_text]<img loading=\"lazy\" decoding=\"async\" class=\"alignnone size-full wp-image-11305\" role=\"img\" src=\"https:\/\/jaya.pt\/wp-content\/uploads\/2020\/04\/map.svg\" alt=\"\" width=\"35\" height=\"50\" \/><\/p>\n<p>Rua da Escola de Medicina Veterin\u00e1ria 15\/17<br \/>\n1000-127 Lisboa<br \/>\nPortugal<\/p>\n<p>Tel: (+351) 969 330 433<br \/>\njayaerialab@gmail.com[\/vc_column_text]\t\t\t<div class=\"grve-element grve-social grve-align-left social_icons\" style=\"\">\r\n\t\t\t\t<ul>\r\n\t\t\t\t\t\t\t\t\t\t<li><a href=\"mailto:?subject=Schedule%20and%20Pricing&#038;body=Schedule%20and%20Pricing:%20https:\/\/jaya.pt\/en\/horarios-precos\/\" title=\"Schedule and Pricing\" class=\"grve-medium grve-circle grve-with-shape grve-simple grve-bg-primary-1 grve-social-share-email\"><i class=\"grve-text-white fas fa-envelope\"><\/i><\/a><\/li>\r\n\t\t\t\t\t\t\t\t\t\t\t\t\t\t\t<li><a href=\"https:\/\/jaya.pt\/en\/horarios-precos\/\" title=\"Schedule and Pricing\" class=\"grve-medium grve-circle grve-with-shape grve-simple grve-bg-primary-1 grve-social-share-facebook\"><i class=\"grve-text-white fab fa-facebook\"><\/i><\/a><\/li>\r\n\t\t\t\t\t\t\t\t\t\t\t\t\t\t\t\t\t\t\t\t\t\t\t\t\t\t\t\t\t\t\r\n\t\t\t\t\t\r\n\t\t\t\t<\/ul>\r\n\t\t\t<\/div>\r\n\t\t[\/vc_column][vc_column width=&#8221;1\/2&#8243;][\/vc_column][\/vc_row]<\/p>\n<\/div>","protected":false},"excerpt":{"rendered":"<p>[vc_row][vc_column][vc_column_text][\/vc_column_text][\/vc_column][\/vc_row][vc_row column_gap=&#8221;20&#8243; section_id=&#8221;titlehorarios&#8221;][vc_column css=&#8221;.vc_custom_1602542988232{margin-bottom: 0px !important;}&#8221;][vc_column_text css=&#8221;&#8221;] Schedule [\/vc_column_text][\/vc_column][\/vc_row][vc_row][vc_column][vc_column_text][\/vc_column_text][\/vc_column][\/vc_row][vc_row column_gap=&#8221;20&#8243; section_id=&#8221;titleprecos&#8221;][vc_column css=&#8221;.vc_custom_1602542988232{margin-bottom: 0px !important;}&#8221;][vc_column_text css=&#8221;&#8221;] Pricing [\/vc_column_text][\/vc_column][\/vc_row][vc_row el_class=&#8221;prices&#8221;][vc_column][vc_column_text][\/vc_column_text][\/vc_column][\/vc_row][vc_row][vc_column][vc_column_text]Condi\u00e7\u00f5es de pagamento e regras de funcionamento do JAYA podem ser consultadas aqui. Todos os pre\u00e7os incluem IVA \u00e0 taxa legal em vigor. As mensalidades e eventuais suplementos s\u00e3o pagos por d\u00e9bito direto. Tamb\u00e9m poder\u00e1s pagar na rece\u00e7\u00e3o, [&hellip;]<\/p>\n","protected":false},"author":3,"featured_media":0,"parent":0,"menu_order":0,"comment_status":"closed","ping_status":"closed","template":"","meta":{"footnotes":""},"class_list":["post-10335","page","type-page","status-publish","hentry"],"_links":{"self":[{"href":"https:\/\/jaya.pt\/en\/wp-json\/wp\/v2\/pages\/10335","targetHints":{"allow":["GET"]}}],"collection":[{"href":"https:\/\/jaya.pt\/en\/wp-json\/wp\/v2\/pages"}],"about":[{"href":"https:\/\/jaya.pt\/en\/wp-json\/wp\/v2\/types\/page"}],"author":[{"embeddable":true,"href":"https:\/\/jaya.pt\/en\/wp-json\/wp\/v2\/users\/3"}],"replies":[{"embeddable":true,"href":"https:\/\/jaya.pt\/en\/wp-json\/wp\/v2\/comments?post=10335"}],"version-history":[{"count":0,"href":"https:\/\/jaya.pt\/en\/wp-json\/wp\/v2\/pages\/10335\/revisions"}],"wp:attachment":[{"href":"https:\/\/jaya.pt\/en\/wp-json\/wp\/v2\/media?parent=10335"}],"curies":[{"name":"wp","href":"https:\/\/api.w.org\/{rel}","templated":true}]}}